{"id":13157,"date":"2022-07-27T20:38:55","date_gmt":"2022-07-27T20:38:55","guid":{"rendered":"https:\/\/maquinadosmoreno.com\/portal2\/?page_id=13157"},"modified":"2022-07-27T20:38:57","modified_gmt":"2022-07-27T20:38:57","slug":"informacion-legal","status":"publish","type":"page","link":"https:\/\/maquinadosmoreno.com\/en\/informacion-legal\/","title":{"rendered":"Informaci\u00f3n legal"},"content":{"rendered":"<p>En Maquinados Moreno, le agradecemos a nuestros lectores su tiempo y apoyo, valoramos enormemente la privacidad personal. Respetamos la naturaleza personal de la informaci\u00f3n que nos proporciona en nuestro blog y firmemente reconocemos la importancia de proteger esta informaci\u00f3n. Al adoptar esta pol\u00edtica de privacidad (esta \u201cPol\u00edtica de Privacidad \u201c), nuestra intenci\u00f3n es equilibrar nuestros leg\u00edtimos intereses comerciales en la recolecci\u00f3n y uso de su informaci\u00f3n personal con expectativas razonables de privacidad. Esta Pol\u00edtica de privacidad puede ser revisada o actualizada en cualquier momento y lo invitamos a que visite con frecuencia esta pagina para asegurarse de estar informado de la versi\u00f3n m\u00e1s reciente y los t\u00e9rminos de nuestra Pol\u00edtica de Privacidad.<\/p>\n\n\n\n<h2 class=\"wp-block-heading\">\u00bfCu\u00e1ndo Maquinados Moreno almacena mis datos personales?<\/h2>\n\n\n\n<p>Usted puede proporcionar informaci\u00f3n personal a Maquinados Moreno en alguna de las 5 formas:<\/p>\n\n\n\n<ol class=\"wp-block-list\" type=\"1\"><li>Por compartir su direcci\u00f3n de e-mail al suscribirse a nuestro bolet\u00edn de correo.<\/li><li>Al compartir informaci\u00f3n personal cuando env\u00eda consejos de art\u00edculos a nuestro equipo editorial o mediante la presentaci\u00f3n de un informe a trav\u00e9s de nuestro formulario de contacto.<\/li><li>Al compartir informaci\u00f3n personal cuando env\u00eda comentarios sobre nuestros art\u00edculos<\/li><li>Por compartir informaci\u00f3n de contacto (nombre de usuario de Twitter y Facebook nombre de cuenta, al participar en nuestra comunidad de forosocialmedia.com)<\/li><li>Mediante la publicaci\u00f3n de un anuncio de empleo a trav\u00e9s de nuestra Bolsa de Trabajo..<\/li><\/ol>\n\n\n\n<p>Tambi\u00e9n Maquinados Moreno puede solicitar informaci\u00f3n en otras ocasiones, pero en ning\u00fan momento va a ser necesario compartir cualquier informaci\u00f3n personal para obtener acceso completo a nuestro sitio. Maquinados Moreno es un sitio abierto, pero las direcciones de correo electr\u00f3nico se solicitan para participar en algunas de nuestras funciones.<\/p>\n\n\n\n<p>Adem\u00e1s de la informaci\u00f3n b\u00e1sica de contacto, nuestros sistemas de monitoreo tambi\u00e9n pueden recopilar informaci\u00f3n que no es de ninguna forma de \u00edndole personal. Esto es que puede incluir el sistema operativo en el que est\u00e1 trabajando, el navegador de Internet que est\u00e1 utilizando, y la resoluci\u00f3n de pantalla de su ordenador.<\/p>\n\n\n\n<h2 class=\"wp-block-heading\">\u00bfC\u00f3mo Maquinados Moreno utiliza mi informaci\u00f3n personal?<\/h2>\n\n\n\n<p>Dependiendo de que manera usted se ha suscrito a Maquinados Moreno, podemos utilizar su informaci\u00f3n de diversas formas.<br>La direcci\u00f3n de correo electr\u00f3nico que nos ha facilitado a trav\u00e9s de nuestro formulario de suscripci\u00f3n al bolet\u00edn nos permite enviar un resumen diario de noticias. Esta suscripci\u00f3n es completamente para el usuario. (Debe tener acceso a su cuenta de correo electr\u00f3nico con el fin de verificar la suscripci\u00f3n.) Los suscriptores pueden darse de baja de nuestro bolet\u00edn de noticias en cualquier momento haciendo clic en \u201cCancelar\u201d v\u00ednculo que est\u00e1 presente en todas las direcciones de correo en la parte inferior del bolet\u00edn.<\/p>\n\n\n\n<p>La direcci\u00f3n de correo electr\u00f3nico que utiliza cuando se comunica con nosotros con una colaboraci\u00f3n de alg\u00fan post o a trav\u00e9s de nuestro formulario de contacto no ser\u00e1n utilizados por ninguna raz\u00f3n, sin su consentimiento previo.<\/p>\n\n\n\n<p>La direcci\u00f3n de correo electr\u00f3nico asociada a su cuenta cuando usted realiza comentarios de nuestros posts se puede utilizar en combinaci\u00f3n con los concursos y promociones alojado en el sitio web de Maquinados Moreno para notificarle si ha ganado. Las direcciones de correo electr\u00f3nico proporcionada en los comentarios no son utilizados para cualquier otra raz\u00f3n.<\/p>\n\n\n\n<p>Si decide hacer comentarios sobre los posts de Maquinados Moreno a trav\u00e9s de Twitter o Facebook Connect, Maquinados Moreno no tiene acceso a su direcci\u00f3n de correo electr\u00f3nico ni tiene ning\u00fan acceso a sus datos personales o informaci\u00f3n privada.<\/p>\n\n\n\n<p>Su direcci\u00f3n de correo electr\u00f3nico asociada a un anuncio de un empleo se mantiene s\u00f3lo para prop\u00f3sitos de archivo. Es posible que nos contactemos con usted para confirmar o aclarar una oferta de empleo, pero no por alguna otra raz\u00f3n.<\/p>\n\n\n\n<p>A veces podemos solicitar su participaci\u00f3n en una encuesta. No vamos a proporcionar su direcci\u00f3n de correo electr\u00f3nico a terceros pero puede contactarlo a trav\u00e9s de ellas la distribuci\u00f3n de premios o regalos asociados.<\/p>\n\n\n\n<p>Para mantener el sitio gratuito, se muestra publicidad. Tambi\u00e9n utilizamos la informaci\u00f3n que usted nos da a trav\u00e9s de encuestas para ayudar a nuestros anunciantes a dirigirse a la audiencia que quieren alcanzar y para ofrecerle anuncios potencialmente interesantes. En ning\u00fan momento a trav\u00e9s de Maquinados Moreno tienen acceso a su informaci\u00f3n personal (con la excepci\u00f3n de Google y WordPress que mantienen nuestro servicio de suscripci\u00f3n RSS por correo electr\u00f3nico y nuestros proveedores de encuesta), y nunca se pondr\u00e1n en contacto con informaci\u00f3n de Maquinados Moreno. Las \u00fanicas excepciones a lo anterior es que podemos divulgar informaci\u00f3n de identificaci\u00f3n personal (i) en respuesta a un proceso legal, por ejemplo, en respuesta a una orden judicial o citaci\u00f3n, (ii) en respuesta a la solicitud de una agencia de aplicaci\u00f3n de la ley, o donde Creemos que es necesario investigar, prevenir o tomar acciones respecto a actividades ilegales, sospecha de fraude, situaciones que implican amenazas potenciales a la seguridad f\u00edsica de otra persona, violaciones de nuestros t\u00e9rminos de uso, o como lo requiera la ley, o (iii) el caso de que se adquieran o se fusione con otra compa\u00f1\u00eda.<\/p>\n\n\n\n<p>Cuando se suscribe a nuestras actualizaciones de recibir mensajes de correo electr\u00f3nico de Maquinados Moreno, siempre se le dar\u00e1 la oportunidad de darse de baja.<\/p>\n\n\n\n<p>La informaci\u00f3n no personal identificable (como se ha dicho) puede ser compartida en forma agregada con nuestros anunciantes o socios comerciales, pero su informaci\u00f3n personal nunca ser\u00e1 compartida con ellos.<\/p>\n\n\n\n<h2 class=\"wp-block-heading\">\u00bfQui\u00e9n m\u00e1s tiene acceso a mi informaci\u00f3n personal?<\/h2>\n\n\n\n<p>Los anuncios que aparecen en la p\u00e1gina web de Maquinados Moreno son entregados por nuestros socios de publicidad de servicios Web. Informaci\u00f3n sobre su visita a este sitio, como el n\u00famero de veces que ha visto un anuncio (pero no su nombre, direcci\u00f3n, u otra informaci\u00f3n personal), se utiliza para servir anuncios a usted en este sitio. Y, en el curso de servir anuncios a este sitio, los anunciantes de terceros pueden colocar o reconocer una \u00fanica cookie en su navegador.<\/p>\n\n\n\n<p>Tambi\u00e9n hemos contratado a un n\u00famero de socios de la red de publicidad para monitorear ciertas p\u00e1ginas de nuestro sitio web y feeds RSS con el fin de la p\u00e1gina web de presentaci\u00f3n de informes y el tr\u00e1fico de RSS, estad\u00edsticas, publicidad \u201cclics\u201d, y \/ u otras actividades en nuestro sitio web. Cuando se autorice por nosotros, estos socios de la red de publicidad pueden utilizar cookies, web beacons, y \/ u otras tecnolog\u00edas de seguimiento para recopilar estad\u00edsticas an\u00f3nimas sobre los visitantes de nuestro sitio web. Para obtener m\u00e1s informaci\u00f3n acerca de c\u00f3mo la informaci\u00f3n es recolectada y usada, por favor, consulte el siguiente:<\/p>\n\n\n\n<p>Feedburner pol\u00edtica de privacidad en https:\/\/www.feedburner.com\/fb\/a\/privacy<br>La pol\u00edtica de privacidad de Google en https:\/\/www.google.com\/privacy.html Los terceros y los sitios web que tienen v\u00ednculos en nuestro sitio tambi\u00e9n puede recoger o utilizar informaci\u00f3n sobre usted. Las pr\u00e1cticas de informaci\u00f3n de otras empresas o personas que Maquinados Moreno no emplea ni administra no est\u00e1n cubiertos por esta Pol\u00edtica de Privacidad.<\/p>\n\n\n\n<h2 class=\"wp-block-heading\">\u00bfHay algo m\u00e1s que deber\u00eda saber sobre mi privacidad Maquinados Moreno?<\/h2>\n\n\n\n<p>Cualquier informaci\u00f3n que usted revele voluntariamente en nuestra p\u00e1gina de comentarios o en cualquiera de las propiedades organizado por Maquinados Moreno se convierte en informaci\u00f3n p\u00fablica. Maquinados Moreno.com es un sitio p\u00fablico. No podemos controlar la acci\u00f3n de los usuarios de nuestro sitio y le invitamos a usar su discreci\u00f3n para compartir informaci\u00f3n sobre usted en Internet. Todo el intercambio de informaci\u00f3n es opcional y se hace bajo su propio riesgo. La privacidad es un asunto muy personal y le animamos a que sea cuidadoso y responsable cuando revele informaci\u00f3n personal en l\u00ednea.<\/p>\n\n\n\n<h2 class=\"wp-block-heading\">Pol\u00edtica de Comentarios en Maquinados Moreno<\/h2>\n\n\n\n<p>Nunca censurar comentarios basados en lo pol\u00edtico o ideol\u00f3gico de vista o de car\u00e1cter cr\u00edtico. Nos reservamos el derecho a eliminar los comentarios que est\u00e1n fuera de tema, \u201cspam\u201d en la naturaleza, abusivo, excesivo uso de lenguaje obsceno, o incluir ataques ad hominem.<\/p>\n\n\n\n<p>Una vez que un comentario que se haga p\u00fablico en el sitio Maquinados Moreno, no lo vamos a quitar por petici\u00f3n alguna. Como usuario, usted es responsable de lo que comunica y es responsables de las consecuencias de su publicaci\u00f3n.<\/p>\n\n\n\n<p>Los comentarios s\u00f3lo ser\u00e1n considerados para ser borrados (i) en respuesta a un proceso legal, por ejemplo, en respuesta a una orden judicial, o (ii) en respuesta a la solicitud una agencia de aplicaci\u00f3n de la ley, o cuando creemos que es necesario investigar, prevenir, o tomar acciones respecto a actividades ilegales, sospecha de fraude, situaciones que implican amenazas potenciales a la seguridad f\u00edsica de otra persona, violaciones de nuestros t\u00e9rminos de uso, o como lo requiera la ley.<\/p>\n\n\n\n<h2 class=\"wp-block-heading\">Condiciones de uso<\/h2>\n\n\n\n<p>El usuario se abstendr\u00e1 de utilizar cualquiera de los servicios ofrecidos en Maquinados Moreno con fines o efectos il\u00edcitos, lesivos de los derechos e intereses de terceros, o que puedan da\u00f1ar, inutilizar, sobrecargar, deteriorar o impedir la normal utilizaci\u00f3n de los servicios, los equipos inform\u00e1ticos o los documentos, archivos y cualquier contenido almacenado en Maquinados Moreno o servidores externos enlazados desde los sitios web de Maquinados Moreno.<\/p>\n\n\n\n<p>El usuario se abstendr\u00e1 de acosar, amenazar y obtener o divulgar informaci\u00f3n privada de terceros.<\/p>\n\n\n\n<p>El usuario se abstendr\u00e1 de usar los sitios web de Maquinados Moreno&nbsp;con el objetivo de<\/p>\n\n\n\n<ol class=\"wp-block-list\" type=\"1\"><li>La promoci\u00f3n exclusiva de un sitio web, empresas, redes de blogs o de afiliaci\u00f3n de enlaces (<em>spam<\/em>).<\/li><li>Las campa\u00f1as comerciales (aunque el lugar promocionado no contenga publicidad\u00a0directa), pol\u00edticas o ideol\u00f3gicos promoviendo el voto masivo a las noticias objeto de la campa\u00f1a o del lugar promocionado<\/li><li>La provocaci\u00f3n gratuita o molestia injustificada a los dem\u00e1s usuarios y lectores de Maquinados Moreno<\/li><li>El env\u00edo de noticias falsas o fabricadas.<\/li><\/ol>\n\n\n\n<h2 class=\"wp-block-heading\">Exclusi\u00f3n de garant\u00edas y responsabilidad<\/h2>\n\n\n\n<p>Los gestores de Maquinados Moreno&nbsp;no garantizan la licitud, fiabilidad, exactitud, exhaustividad, actualidad y utilidad de los contenidos. El establecimiento de un hiperenlace, enlace, intercambio, no implica en ning\u00fan caso la existencia de relaciones entre los gestores de Maquinados Moreno&nbsp;y el propietario del lugar web con la que se establezca, ni la aceptaci\u00f3n y aprobaci\u00f3n de sus contenidos o servicios.<\/p>\n\n\n\n<p>Los gestores de Maquinados Moreno&nbsp;excluyen toda responsabilidad en los sitios enlazados desde esta web y no pueden controlar y no controlan que entre ellos aparezcan sitios de Internet cuyos contenidos puedan resultar il\u00edcitos, ilegales, contrarios a la moral o a las buenas costumbres o inapropiados. El usuario, por tanto, debe extremar la prudencia en la valoraci\u00f3n y utilizaci\u00f3n de la informaci\u00f3n, contenidos y servicios existentes en los sitios enlazados.<\/p>\n\n\n\n<p>Los gestores de Maquinados Moreno\u00a0excluyen toda responsabilidad por las\u00a0noticias e informaciones publicadas por los usuarios, terceros y de las mismas ser\u00e1n responsables los usuarios o terceros de quienes procedan.<\/p>\n\n\n\n<h2 class=\"wp-block-heading\">Propiedad de la Informaci\u00f3n<\/h2>\n\n\n\n<p>Los art\u00edculos publicados son propiedad exclusiva de su autor, quien ha decidido libremente participar como colaborador en Maquinados Moreno.com, con lo cual otorga permiso para que su contenido sea publicado exclusivamente en dicho portal. Los art\u00edculos no podr\u00e1n ser copiados a otros sitios sin autorizaci\u00f3n expresa de Maquinados Moreno; quien mantiene derechos a proceder legalmente en contra de quien incurra en ese acto. En caso de que un autor no desee tener publicado su(s) art\u00edculo(s) con nosotros, podr\u00e1 solicitar su baja a trav\u00e9s de\u00a0<a href=\"https:\/\/www.tresensocial.com\/contactanos\/\">nuestros datos de contacto<\/a>\u00a0y procederemos a su remoci\u00f3n.<\/p>","protected":false},"excerpt":{"rendered":"<p>En Maquinados Moreno, le agradecemos a nuestros lectores su tiempo y apoyo, valoramos enormemente la privacidad personal. Respetamos la naturaleza personal de la informaci\u00f3n que nos proporciona en nuestro blog y firmemente reconocemos la importancia de proteger esta informaci\u00f3n. Al adoptar esta pol\u00edtica de privacidad (esta \u201cPol\u00edtica de Privacidad \u201c), nuestra intenci\u00f3n es equilibrar nuestros [&hellip;]<\/p>\n","protected":false},"author":2,"featured_media":0,"parent":0,"menu_order":0,"comment_status":"closed","ping_status":"closed","template":"","meta":{"footnotes":""},"class_list":["post-13157","page","type-page","status-publish","hentry"],"yoast_head":"<!-- This site is optimized with the Yoast SEO plugin v27.4 - https:\/\/yoast.com\/product\/yoast-seo-wordpress\/ -->\n<title>Informaci\u00f3n legal - Maquinados Moreno<\/title>\n<meta name=\"robots\" content=\"index, follow, max-snippet:-1, max-image-preview:large, max-video-preview:-1\" \/>\n<link rel=\"canonical\" href=\"https:\/\/maquinadosmoreno.com\/en\/informacion-legal\/\" \/>\n<meta property=\"og:locale\" content=\"en_US\" \/>\n<meta property=\"og:type\" content=\"article\" \/>\n<meta property=\"og:title\" content=\"Informaci\u00f3n legal - Maquinados Moreno\" \/>\n<meta property=\"og:description\" content=\"En Maquinados Moreno, le agradecemos a nuestros lectores su tiempo y apoyo, valoramos enormemente la privacidad personal. Respetamos la naturaleza personal de la informaci\u00f3n que nos proporciona en nuestro blog y firmemente reconocemos la importancia de proteger esta informaci\u00f3n. Al adoptar esta pol\u00edtica de privacidad (esta \u201cPol\u00edtica de Privacidad \u201c), nuestra intenci\u00f3n es equilibrar nuestros [&hellip;]\" \/>\n<meta property=\"og:url\" content=\"https:\/\/maquinadosmoreno.com\/en\/informacion-legal\/\" \/>\n<meta property=\"og:site_name\" content=\"Maquinados Moreno\" \/>\n<meta property=\"article:modified_time\" content=\"2022-07-27T20:38:57+00:00\" \/>\n<meta name=\"twitter:card\" content=\"summary_large_image\" \/>\n<meta name=\"twitter:label1\" content=\"Est. reading time\" \/>\n\t<meta name=\"twitter:data1\" content=\"10 minutes\" \/>\n<script type=\"application\/ld+json\" class=\"yoast-schema-graph\">{\"@context\":\"https:\\\/\\\/schema.org\",\"@graph\":[{\"@type\":\"WebPage\",\"@id\":\"https:\\\/\\\/maquinadosmoreno.com\\\/informacion-legal\\\/\",\"url\":\"https:\\\/\\\/maquinadosmoreno.com\\\/informacion-legal\\\/\",\"name\":\"Informaci\u00f3n legal - Maquinados Moreno\",\"isPartOf\":{\"@id\":\"https:\\\/\\\/maquinadosmoreno.com\\\/es\\\/#website\"},\"datePublished\":\"2022-07-27T20:38:55+00:00\",\"dateModified\":\"2022-07-27T20:38:57+00:00\",\"breadcrumb\":{\"@id\":\"https:\\\/\\\/maquinadosmoreno.com\\\/informacion-legal\\\/#breadcrumb\"},\"inLanguage\":\"en-US\",\"potentialAction\":[{\"@type\":\"ReadAction\",\"target\":[\"https:\\\/\\\/maquinadosmoreno.com\\\/informacion-legal\\\/\"]}]},{\"@type\":\"BreadcrumbList\",\"@id\":\"https:\\\/\\\/maquinadosmoreno.com\\\/informacion-legal\\\/#breadcrumb\",\"itemListElement\":[{\"@type\":\"ListItem\",\"position\":1,\"name\":\"Inicio\",\"item\":\"https:\\\/\\\/maquinadosmoreno.com\\\/es\\\/\"},{\"@type\":\"ListItem\",\"position\":2,\"name\":\"Informaci\u00f3n legal\"}]},{\"@type\":\"WebSite\",\"@id\":\"https:\\\/\\\/maquinadosmoreno.com\\\/es\\\/#website\",\"url\":\"https:\\\/\\\/maquinadosmoreno.com\\\/es\\\/\",\"name\":\"Maquinados Moreno\",\"description\":\"Venta y fabricaci\u00f3n de productos.\",\"potentialAction\":[{\"@type\":\"SearchAction\",\"target\":{\"@type\":\"EntryPoint\",\"urlTemplate\":\"https:\\\/\\\/maquinadosmoreno.com\\\/es\\\/?s={search_term_string}\"},\"query-input\":{\"@type\":\"PropertyValueSpecification\",\"valueRequired\":true,\"valueName\":\"search_term_string\"}}],\"inLanguage\":\"en-US\"}]}<\/script>\n<!-- \/ Yoast SEO plugin. -->","yoast_head_json":{"title":"Informaci\u00f3n legal - Maquinados Moreno","robots":{"index":"index","follow":"follow","max-snippet":"max-snippet:-1","max-image-preview":"max-image-preview:large","max-video-preview":"max-video-preview:-1"},"canonical":"https:\/\/maquinadosmoreno.com\/en\/informacion-legal\/","og_locale":"en_US","og_type":"article","og_title":"Informaci\u00f3n legal - Maquinados Moreno","og_description":"En Maquinados Moreno, le agradecemos a nuestros lectores su tiempo y apoyo, valoramos enormemente la privacidad personal. Respetamos la naturaleza personal de la informaci\u00f3n que nos proporciona en nuestro blog y firmemente reconocemos la importancia de proteger esta informaci\u00f3n. Al adoptar esta pol\u00edtica de privacidad (esta \u201cPol\u00edtica de Privacidad \u201c), nuestra intenci\u00f3n es equilibrar nuestros [&hellip;]","og_url":"https:\/\/maquinadosmoreno.com\/en\/informacion-legal\/","og_site_name":"Maquinados Moreno","article_modified_time":"2022-07-27T20:38:57+00:00","twitter_card":"summary_large_image","twitter_misc":{"Est. reading time":"10 minutes"},"schema":{"@context":"https:\/\/schema.org","@graph":[{"@type":"WebPage","@id":"https:\/\/maquinadosmoreno.com\/informacion-legal\/","url":"https:\/\/maquinadosmoreno.com\/informacion-legal\/","name":"Informaci\u00f3n legal - Maquinados Moreno","isPartOf":{"@id":"https:\/\/maquinadosmoreno.com\/es\/#website"},"datePublished":"2022-07-27T20:38:55+00:00","dateModified":"2022-07-27T20:38:57+00:00","breadcrumb":{"@id":"https:\/\/maquinadosmoreno.com\/informacion-legal\/#breadcrumb"},"inLanguage":"en-US","potentialAction":[{"@type":"ReadAction","target":["https:\/\/maquinadosmoreno.com\/informacion-legal\/"]}]},{"@type":"BreadcrumbList","@id":"https:\/\/maquinadosmoreno.com\/informacion-legal\/#breadcrumb","itemListElement":[{"@type":"ListItem","position":1,"name":"Inicio","item":"https:\/\/maquinadosmoreno.com\/es\/"},{"@type":"ListItem","position":2,"name":"Informaci\u00f3n legal"}]},{"@type":"WebSite","@id":"https:\/\/maquinadosmoreno.com\/es\/#website","url":"https:\/\/maquinadosmoreno.com\/es\/","name":"Maquinados Moreno","description":"Sale and Manufacturing of Products","potentialAction":[{"@type":"SearchAction","target":{"@type":"EntryPoint","urlTemplate":"https:\/\/maquinadosmoreno.com\/es\/?s={search_term_string}"},"query-input":{"@type":"PropertyValueSpecification","valueRequired":true,"valueName":"search_term_string"}}],"inLanguage":"en-US"}]}},"jetpack_sharing_enabled":true,"_links":{"self":[{"href":"https:\/\/maquinadosmoreno.com\/en\/wp-json\/wp\/v2\/pages\/13157","targetHints":{"allow":["GET"]}}],"collection":[{"href":"https:\/\/maquinadosmoreno.com\/en\/wp-json\/wp\/v2\/pages"}],"about":[{"href":"https:\/\/maquinadosmoreno.com\/en\/wp-json\/wp\/v2\/types\/page"}],"author":[{"embeddable":true,"href":"https:\/\/maquinadosmoreno.com\/en\/wp-json\/wp\/v2\/users\/2"}],"replies":[{"embeddable":true,"href":"https:\/\/maquinadosmoreno.com\/en\/wp-json\/wp\/v2\/comments?post=13157"}],"version-history":[{"count":1,"href":"https:\/\/maquinadosmoreno.com\/en\/wp-json\/wp\/v2\/pages\/13157\/revisions"}],"predecessor-version":[{"id":13158,"href":"https:\/\/maquinadosmoreno.com\/en\/wp-json\/wp\/v2\/pages\/13157\/revisions\/13158"}],"wp:attachment":[{"href":"https:\/\/maquinadosmoreno.com\/en\/wp-json\/wp\/v2\/media?parent=13157"}],"curies":[{"name":"wp","href":"https:\/\/api.w.org\/{rel}","templated":true}]}}