{"id":15270,"date":"2025-10-29T01:51:23","date_gmt":"2025-10-29T01:51:23","guid":{"rendered":"https:\/\/maquinadosmoreno.com\/portal2\/?post_type=product&#038;p=15270"},"modified":"2025-11-19T18:25:51","modified_gmt":"2025-11-19T18:25:51","slug":"juego-de-tension-para-diametros-de-5-pulgadas","status":"publish","type":"product","link":"https:\/\/maquinadosmoreno.com\/en\/product\/juego-de-tension-para-diametros-de-5-pulgadas\/","title":{"rendered":"Tension set for 5-inch diameters"},"content":{"rendered":"<p data-start=\"110\" data-end=\"556\">Tension set manufactured from high-strength carbon steel, consisting of four precision-threaded and sectioned rings, designed to ensure a firm hold and even distribution of tension in 5\" diameter applications. Its robust and durable construction allows for reliable performance even in demanding working conditions, offering mechanical stability and a long service life. Designed to secure and tension 5\" diameters. Ideal for industrial applications requiring precision and strength. It can be manufactured in various sizes and specifications according to the customer's needs.<\/p>\n<p data-start=\"558\" data-end=\"881\">Thanks to its modular design, this tensioning kit facilitates assembly and disassembly in industrial systems where constant adjustment or periodic maintenance is required. It is especially useful in pressure equipment, piping systems, heavy machinery, and components that demand high levels of precision and safety.<\/p>\n<p data-start=\"883\" data-end=\"1207\">The product can be manufactured in various sizes, materials, and thread specifications, adapting to the technical needs of each client or project. Optionally, it can receive surface treatments or protective coatings to improve its resistance to corrosion, wear, or the operating environment.<\/p>\n<div class=\"su-button-center\"><a href=\"https:\/\/maquinadosmoreno.com\/en\/contacto\/\" class=\"su-button su-button-style-default\" style=\"color:#ffffff;background-color:#378249;border-color:#2c683b;border-radius:5px\" target=\"_blank\" rel=\"noopener noreferrer\"><span style=\"color:#ffffff;padding:0px 22px;font-size:17px;line-height:34px;border-color:#73a880;border-radius:5px;text-shadow:none\"> Price<\/span><\/a><\/div>","protected":false},"excerpt":{"rendered":"<p>Carbon steel tension set consisting of four threaded, sectioned rings, designed to secure and tension 5\" diameters. Ideal for industrial applications requiring precision and strength. Available in various sizes and specifications to meet customer needs.<\/p>\n<div class=\"su-button-center\"><a href=\"https:\/\/maquinadosmoreno.com\/en\/contacto\/\" class=\"su-button su-button-style-default\" style=\"color:#ffffff;background-color:#378249;border-color:#2c683b;border-radius:5px\" target=\"_blank\" rel=\"noopener noreferrer\"><span style=\"color:#ffffff;padding:0px 22px;font-size:17px;line-height:34px;border-color:#73a880;border-radius:5px;text-shadow:none\"> Price<\/span><\/a><\/div>","protected":false},"featured_media":15271,"template":"","meta":[],"product_brand":[],"product_cat":[15],"product_tag":[],"class_list":{"0":"post-15270","1":"product","2":"type-product","3":"status-publish","4":"has-post-thumbnail","6":"product_cat-uncategorized","8":"first","9":"instock","10":"shipping-taxable","11":"product-type-simple"},"yoast_head":"<!-- This site is optimized with the Yoast SEO plugin v27.4 - https:\/\/yoast.com\/product\/yoast-seo-wordpress\/ -->\n<title>Juego de tensi\u00f3n para di\u00e1metros de 5 pulgadas - Maquinados Moreno<\/title>\n<meta name=\"robots\" content=\"index, follow, max-snippet:-1, max-image-preview:large, max-video-preview:-1\" \/>\n<link rel=\"canonical\" href=\"https:\/\/maquinadosmoreno.com\/en\/product\/juego-de-tension-para-diametros-de-5-pulgadas\/\" \/>\n<meta property=\"og:locale\" content=\"en_US\" \/>\n<meta property=\"og:type\" content=\"article\" \/>\n<meta property=\"og:title\" content=\"Juego de tensi\u00f3n para di\u00e1metros de 5 pulgadas - Maquinados Moreno\" \/>\n<meta property=\"og:description\" content=\"Juego de tensi\u00f3n fabricado en acero al carb\u00f3n, compuesto por 4 anillos seccionados y roscados, dise\u00f1ado para asegurar y tensionar di\u00e1metros de 5\u201d. Ideal para aplicaciones industriales que requieren precisi\u00f3n y resistencia. Puede fabricarse en distintas medidas y especificaciones seg\u00fan la necesidad del cliente.\" \/>\n<meta property=\"og:url\" content=\"https:\/\/maquinadosmoreno.com\/en\/product\/juego-de-tension-para-diametros-de-5-pulgadas\/\" \/>\n<meta property=\"og:site_name\" content=\"Maquinados Moreno\" \/>\n<meta property=\"article:modified_time\" content=\"2025-11-19T18:25:51+00:00\" \/>\n<meta property=\"og:image\" content=\"https:\/\/maquinadosmoreno.com\/portal2\/wp-content\/uploads\/2025\/10\/images.jpeg\" \/>\n\t<meta property=\"og:image:width\" content=\"600\" \/>\n\t<meta property=\"og:image:height\" content=\"600\" \/>\n\t<meta property=\"og:image:type\" content=\"image\/jpeg\" \/>\n<meta name=\"twitter:card\" content=\"summary_large_image\" \/>\n<meta name=\"twitter:label1\" content=\"Est. reading time\" \/>\n\t<meta name=\"twitter:data1\" content=\"1 minute\" \/>\n<script type=\"application\/ld+json\" class=\"yoast-schema-graph\">{\"@context\":\"https:\\\/\\\/schema.org\",\"@graph\":[{\"@type\":\"WebPage\",\"@id\":\"https:\\\/\\\/maquinadosmoreno.com\\\/product\\\/juego-de-tension-para-diametros-de-5-pulgadas\\\/\",\"url\":\"https:\\\/\\\/maquinadosmoreno.com\\\/product\\\/juego-de-tension-para-diametros-de-5-pulgadas\\\/\",\"name\":\"Juego de tensi\u00f3n para di\u00e1metros de 5 pulgadas - Maquinados Moreno\",\"isPartOf\":{\"@id\":\"https:\\\/\\\/maquinadosmoreno.com\\\/es\\\/#website\"},\"primaryImageOfPage\":{\"@id\":\"https:\\\/\\\/maquinadosmoreno.com\\\/product\\\/juego-de-tension-para-diametros-de-5-pulgadas\\\/#primaryimage\"},\"image\":{\"@id\":\"https:\\\/\\\/maquinadosmoreno.com\\\/product\\\/juego-de-tension-para-diametros-de-5-pulgadas\\\/#primaryimage\"},\"thumbnailUrl\":\"https:\\\/\\\/maquinadosmoreno.com\\\/portal2\\\/wp-content\\\/uploads\\\/2025\\\/10\\\/images.jpeg\",\"datePublished\":\"2025-10-29T01:51:23+00:00\",\"dateModified\":\"2025-11-19T18:25:51+00:00\",\"breadcrumb\":{\"@id\":\"https:\\\/\\\/maquinadosmoreno.com\\\/product\\\/juego-de-tension-para-diametros-de-5-pulgadas\\\/#breadcrumb\"},\"inLanguage\":\"en-US\",\"potentialAction\":[{\"@type\":\"ReadAction\",\"target\":[\"https:\\\/\\\/maquinadosmoreno.com\\\/product\\\/juego-de-tension-para-diametros-de-5-pulgadas\\\/\"]}]},{\"@type\":\"ImageObject\",\"inLanguage\":\"en-US\",\"@id\":\"https:\\\/\\\/maquinadosmoreno.com\\\/product\\\/juego-de-tension-para-diametros-de-5-pulgadas\\\/#primaryimage\",\"url\":\"https:\\\/\\\/maquinadosmoreno.com\\\/portal2\\\/wp-content\\\/uploads\\\/2025\\\/10\\\/images.jpeg\",\"contentUrl\":\"https:\\\/\\\/maquinadosmoreno.com\\\/portal2\\\/wp-content\\\/uploads\\\/2025\\\/10\\\/images.jpeg\",\"width\":600,\"height\":600},{\"@type\":\"BreadcrumbList\",\"@id\":\"https:\\\/\\\/maquinadosmoreno.com\\\/product\\\/juego-de-tension-para-diametros-de-5-pulgadas\\\/#breadcrumb\",\"itemListElement\":[{\"@type\":\"ListItem\",\"position\":1,\"name\":\"Inicio\",\"item\":\"https:\\\/\\\/maquinadosmoreno.com\\\/es\\\/\"},{\"@type\":\"ListItem\",\"position\":2,\"name\":\"Tienda\",\"item\":\"https:\\\/\\\/maquinadosmoreno.com\\\/es\\\/tienda\\\/\"},{\"@type\":\"ListItem\",\"position\":3,\"name\":\"Juego de tensi\u00f3n para di\u00e1metros de 5 pulgadas\"}]},{\"@type\":\"WebSite\",\"@id\":\"https:\\\/\\\/maquinadosmoreno.com\\\/es\\\/#website\",\"url\":\"https:\\\/\\\/maquinadosmoreno.com\\\/es\\\/\",\"name\":\"Maquinados Moreno\",\"description\":\"Venta y fabricaci\u00f3n de productos.\",\"potentialAction\":[{\"@type\":\"SearchAction\",\"target\":{\"@type\":\"EntryPoint\",\"urlTemplate\":\"https:\\\/\\\/maquinadosmoreno.com\\\/es\\\/?s={search_term_string}\"},\"query-input\":{\"@type\":\"PropertyValueSpecification\",\"valueRequired\":true,\"valueName\":\"search_term_string\"}}],\"inLanguage\":\"en-US\"}]}<\/script>\n<!-- \/ Yoast SEO plugin. -->","yoast_head_json":{"title":"Juego de tensi\u00f3n para di\u00e1metros de 5 pulgadas - Maquinados Moreno","robots":{"index":"index","follow":"follow","max-snippet":"max-snippet:-1","max-image-preview":"max-image-preview:large","max-video-preview":"max-video-preview:-1"},"canonical":"https:\/\/maquinadosmoreno.com\/en\/product\/juego-de-tension-para-diametros-de-5-pulgadas\/","og_locale":"en_US","og_type":"article","og_title":"Juego de tensi\u00f3n para di\u00e1metros de 5 pulgadas - Maquinados Moreno","og_description":"Juego de tensi\u00f3n fabricado en acero al carb\u00f3n, compuesto por 4 anillos seccionados y roscados, dise\u00f1ado para asegurar y tensionar di\u00e1metros de 5\u201d. Ideal para aplicaciones industriales que requieren precisi\u00f3n y resistencia. Puede fabricarse en distintas medidas y especificaciones seg\u00fan la necesidad del cliente.","og_url":"https:\/\/maquinadosmoreno.com\/en\/product\/juego-de-tension-para-diametros-de-5-pulgadas\/","og_site_name":"Maquinados Moreno","article_modified_time":"2025-11-19T18:25:51+00:00","og_image":[{"width":600,"height":600,"url":"https:\/\/maquinadosmoreno.com\/portal2\/wp-content\/uploads\/2025\/10\/images.jpeg","type":"image\/jpeg"}],"twitter_card":"summary_large_image","twitter_misc":{"Est. reading time":"1 minute"},"schema":{"@context":"https:\/\/schema.org","@graph":[{"@type":"WebPage","@id":"https:\/\/maquinadosmoreno.com\/product\/juego-de-tension-para-diametros-de-5-pulgadas\/","url":"https:\/\/maquinadosmoreno.com\/product\/juego-de-tension-para-diametros-de-5-pulgadas\/","name":"Juego de tensi\u00f3n para di\u00e1metros de 5 pulgadas - Maquinados Moreno","isPartOf":{"@id":"https:\/\/maquinadosmoreno.com\/es\/#website"},"primaryImageOfPage":{"@id":"https:\/\/maquinadosmoreno.com\/product\/juego-de-tension-para-diametros-de-5-pulgadas\/#primaryimage"},"image":{"@id":"https:\/\/maquinadosmoreno.com\/product\/juego-de-tension-para-diametros-de-5-pulgadas\/#primaryimage"},"thumbnailUrl":"https:\/\/maquinadosmoreno.com\/portal2\/wp-content\/uploads\/2025\/10\/images.jpeg","datePublished":"2025-10-29T01:51:23+00:00","dateModified":"2025-11-19T18:25:51+00:00","breadcrumb":{"@id":"https:\/\/maquinadosmoreno.com\/product\/juego-de-tension-para-diametros-de-5-pulgadas\/#breadcrumb"},"inLanguage":"en-US","potentialAction":[{"@type":"ReadAction","target":["https:\/\/maquinadosmoreno.com\/product\/juego-de-tension-para-diametros-de-5-pulgadas\/"]}]},{"@type":"ImageObject","inLanguage":"en-US","@id":"https:\/\/maquinadosmoreno.com\/product\/juego-de-tension-para-diametros-de-5-pulgadas\/#primaryimage","url":"https:\/\/maquinadosmoreno.com\/portal2\/wp-content\/uploads\/2025\/10\/images.jpeg","contentUrl":"https:\/\/maquinadosmoreno.com\/portal2\/wp-content\/uploads\/2025\/10\/images.jpeg","width":600,"height":600},{"@type":"BreadcrumbList","@id":"https:\/\/maquinadosmoreno.com\/product\/juego-de-tension-para-diametros-de-5-pulgadas\/#breadcrumb","itemListElement":[{"@type":"ListItem","position":1,"name":"Inicio","item":"https:\/\/maquinadosmoreno.com\/es\/"},{"@type":"ListItem","position":2,"name":"Tienda","item":"https:\/\/maquinadosmoreno.com\/es\/tienda\/"},{"@type":"ListItem","position":3,"name":"Juego de tensi\u00f3n para di\u00e1metros de 5 pulgadas"}]},{"@type":"WebSite","@id":"https:\/\/maquinadosmoreno.com\/es\/#website","url":"https:\/\/maquinadosmoreno.com\/es\/","name":"Maquinados Moreno","description":"Sale and Manufacturing of Products","potentialAction":[{"@type":"SearchAction","target":{"@type":"EntryPoint","urlTemplate":"https:\/\/maquinadosmoreno.com\/es\/?s={search_term_string}"},"query-input":{"@type":"PropertyValueSpecification","valueRequired":true,"valueName":"search_term_string"}}],"inLanguage":"en-US"}]}},"jetpack_sharing_enabled":true,"_links":{"self":[{"href":"https:\/\/maquinadosmoreno.com\/en\/wp-json\/wp\/v2\/product\/15270","targetHints":{"allow":["GET"]}}],"collection":[{"href":"https:\/\/maquinadosmoreno.com\/en\/wp-json\/wp\/v2\/product"}],"about":[{"href":"https:\/\/maquinadosmoreno.com\/en\/wp-json\/wp\/v2\/types\/product"}],"wp:featuredmedia":[{"embeddable":true,"href":"https:\/\/maquinadosmoreno.com\/en\/wp-json\/wp\/v2\/media\/15271"}],"wp:attachment":[{"href":"https:\/\/maquinadosmoreno.com\/en\/wp-json\/wp\/v2\/media?parent=15270"}],"wp:term":[{"taxonomy":"product_brand","embeddable":true,"href":"https:\/\/maquinadosmoreno.com\/en\/wp-json\/wp\/v2\/product_brand?post=15270"},{"taxonomy":"product_cat","embeddable":true,"href":"https:\/\/maquinadosmoreno.com\/en\/wp-json\/wp\/v2\/product_cat?post=15270"},{"taxonomy":"product_tag","embeddable":true,"href":"https:\/\/maquinadosmoreno.com\/en\/wp-json\/wp\/v2\/product_tag?post=15270"}],"curies":[{"name":"wp","href":"https:\/\/api.w.org\/{rel}","templated":true}]}}