{"id":15281,"date":"2025-10-29T02:03:19","date_gmt":"2025-10-29T02:03:19","guid":{"rendered":"https:\/\/maquinadosmoreno.com\/portal2\/?post_type=product&#038;p=15281"},"modified":"2025-11-19T18:21:22","modified_gmt":"2025-11-19T18:21:22","slug":"acoplamiento-de-resbalamiento-industrial","status":"publish","type":"product","link":"https:\/\/maquinadosmoreno.com\/en\/product\/acoplamiento-de-resbalamiento-industrial\/","title":{"rendered":"Industrial slip coupling"},"content":{"rendered":"<p data-start=\"113\" data-end=\"500\">An 8-plate clutch-type slip coupling, designed to provide reliable protection and precise torque control in industrial machinery. Its operating system absorbs and releases energy in a controlled manner, preventing damage from overload and ensuring stable and safe operation in highly demanding processes.<\/p>\n<p data-start=\"502\" data-end=\"854\">The assembly consists of sheets with asbestos paste and bronze inserts, materials selected for their high wear resistance, heat dissipation capacity, and stability against continuous friction. These characteristics ensure consistent performance even under severe working conditions or extended operating cycles.<\/p>\n<p data-start=\"856\" data-end=\"1203\">It features six torque-adjustable springs, which allow the coupling's response to be calibrated to the specific needs of the system, providing flexibility for different machine configurations or load levels. This adjustability optimizes equipment efficiency and extends the life of its components.<\/p>\n<p data-start=\"1205\" data-end=\"1548\">The main body is made of 4140 steel, recognized for its high mechanical strength, durability, and toughness against impacts and torsional stresses. Furthermore, the coupling can be manufactured in various diameters and capacities, adapting to customized torque, speed, and industrial application requirements.<\/p>\n<p data-start=\"1550\" data-end=\"1834\">Its robust design and precision assembly make it an ideal solution for production lines, power transmission equipment, and machinery requiring torque control and overload protection, ensuring safety, reliability, and long-term performance.<\/p>\n<div class=\"su-button-center\"><a href=\"https:\/\/maquinadosmoreno.com\/en\/contacto\/\" class=\"su-button su-button-style-default\" style=\"color:#ffffff;background-color:#378249;border-color:#2c683b;border-radius:5px\" target=\"_blank\" rel=\"noopener noreferrer\"><span style=\"color:#ffffff;padding:0px 22px;font-size:17px;line-height:34px;border-color:#73a880;border-radius:5px;text-shadow:none\"> Price<\/span><\/a><\/div>","protected":false},"excerpt":{"rendered":"<p>8-sheet clutch-type slip coupling with asbestos paste and bronze inserts, designed for protection and torque control in industrial machinery. It features six torque-adjustable springs, allowing it to adapt to different levels of demand. It is manufactured in different diameters and capacities, according to specific requirements. Material: 4140 steel, renowned for its strength and durability.<\/p>\n<div class=\"su-button-center\"><a href=\"https:\/\/maquinadosmoreno.com\/en\/contacto\/\" class=\"su-button su-button-style-default\" style=\"color:#ffffff;background-color:#378249;border-color:#2c683b;border-radius:5px\" target=\"_blank\" rel=\"noopener noreferrer\"><span style=\"color:#ffffff;padding:0px 22px;font-size:17px;line-height:34px;border-color:#73a880;border-radius:5px;text-shadow:none\"> Price<\/span><\/a><\/div>","protected":false},"featured_media":15282,"template":"","meta":[],"product_brand":[],"product_cat":[15],"product_tag":[],"class_list":{"0":"post-15281","1":"product","2":"type-product","3":"status-publish","4":"has-post-thumbnail","6":"product_cat-uncategorized","8":"first","9":"instock","10":"shipping-taxable","11":"product-type-simple"},"yoast_head":"<!-- This site is optimized with the Yoast SEO plugin v27.4 - https:\/\/yoast.com\/product\/yoast-seo-wordpress\/ -->\n<title>Acoplamiento de resbalamiento industrial - Maquinados Moreno<\/title>\n<meta name=\"robots\" content=\"index, follow, max-snippet:-1, max-image-preview:large, max-video-preview:-1\" \/>\n<link rel=\"canonical\" href=\"https:\/\/maquinadosmoreno.com\/en\/product\/acoplamiento-de-resbalamiento-industrial\/\" \/>\n<meta property=\"og:locale\" content=\"en_US\" \/>\n<meta property=\"og:type\" content=\"article\" \/>\n<meta property=\"og:title\" content=\"Acoplamiento de resbalamiento industrial - Maquinados Moreno\" \/>\n<meta property=\"og:description\" content=\"Acoplamiento de resbalamiento tipo\u00a0clutch de 8 l\u00e1minas\u00a0con pasta de asbesto e insertos de bronce, dise\u00f1ado para protecci\u00f3n y control de torque en maquinaria industrial. Cuenta con 6 resortes con ajuste de torque, lo que permite adaptarse a diferentes niveles de exigencia. Se fabrica en distintos di\u00e1metros y capacidades, seg\u00fan requerimientos espec\u00edficos. Material: acero 4140, reconocido por su resistencia y durabilidad.\" \/>\n<meta property=\"og:url\" content=\"https:\/\/maquinadosmoreno.com\/en\/product\/acoplamiento-de-resbalamiento-industrial\/\" \/>\n<meta property=\"og:site_name\" content=\"Maquinados Moreno\" \/>\n<meta property=\"article:modified_time\" content=\"2025-11-19T18:21:22+00:00\" \/>\n<meta property=\"og:image\" content=\"https:\/\/maquinadosmoreno.com\/portal2\/wp-content\/uploads\/2025\/10\/images-9.jpeg\" \/>\n\t<meta property=\"og:image:width\" content=\"600\" \/>\n\t<meta property=\"og:image:height\" content=\"600\" \/>\n\t<meta property=\"og:image:type\" content=\"image\/jpeg\" \/>\n<meta name=\"twitter:card\" content=\"summary_large_image\" \/>\n<meta name=\"twitter:label1\" content=\"Est. reading time\" \/>\n\t<meta name=\"twitter:data1\" content=\"2 minutes\" \/>\n<script type=\"application\/ld+json\" class=\"yoast-schema-graph\">{\"@context\":\"https:\\\/\\\/schema.org\",\"@graph\":[{\"@type\":\"WebPage\",\"@id\":\"https:\\\/\\\/maquinadosmoreno.com\\\/product\\\/acoplamiento-de-resbalamiento-industrial\\\/\",\"url\":\"https:\\\/\\\/maquinadosmoreno.com\\\/product\\\/acoplamiento-de-resbalamiento-industrial\\\/\",\"name\":\"Acoplamiento de resbalamiento industrial - Maquinados Moreno\",\"isPartOf\":{\"@id\":\"https:\\\/\\\/maquinadosmoreno.com\\\/es\\\/#website\"},\"primaryImageOfPage\":{\"@id\":\"https:\\\/\\\/maquinadosmoreno.com\\\/product\\\/acoplamiento-de-resbalamiento-industrial\\\/#primaryimage\"},\"image\":{\"@id\":\"https:\\\/\\\/maquinadosmoreno.com\\\/product\\\/acoplamiento-de-resbalamiento-industrial\\\/#primaryimage\"},\"thumbnailUrl\":\"https:\\\/\\\/maquinadosmoreno.com\\\/portal2\\\/wp-content\\\/uploads\\\/2025\\\/10\\\/images-9.jpeg\",\"datePublished\":\"2025-10-29T02:03:19+00:00\",\"dateModified\":\"2025-11-19T18:21:22+00:00\",\"breadcrumb\":{\"@id\":\"https:\\\/\\\/maquinadosmoreno.com\\\/product\\\/acoplamiento-de-resbalamiento-industrial\\\/#breadcrumb\"},\"inLanguage\":\"en-US\",\"potentialAction\":[{\"@type\":\"ReadAction\",\"target\":[\"https:\\\/\\\/maquinadosmoreno.com\\\/product\\\/acoplamiento-de-resbalamiento-industrial\\\/\"]}]},{\"@type\":\"ImageObject\",\"inLanguage\":\"en-US\",\"@id\":\"https:\\\/\\\/maquinadosmoreno.com\\\/product\\\/acoplamiento-de-resbalamiento-industrial\\\/#primaryimage\",\"url\":\"https:\\\/\\\/maquinadosmoreno.com\\\/portal2\\\/wp-content\\\/uploads\\\/2025\\\/10\\\/images-9.jpeg\",\"contentUrl\":\"https:\\\/\\\/maquinadosmoreno.com\\\/portal2\\\/wp-content\\\/uploads\\\/2025\\\/10\\\/images-9.jpeg\",\"width\":600,\"height\":600},{\"@type\":\"BreadcrumbList\",\"@id\":\"https:\\\/\\\/maquinadosmoreno.com\\\/product\\\/acoplamiento-de-resbalamiento-industrial\\\/#breadcrumb\",\"itemListElement\":[{\"@type\":\"ListItem\",\"position\":1,\"name\":\"Inicio\",\"item\":\"https:\\\/\\\/maquinadosmoreno.com\\\/es\\\/\"},{\"@type\":\"ListItem\",\"position\":2,\"name\":\"Tienda\",\"item\":\"https:\\\/\\\/maquinadosmoreno.com\\\/es\\\/tienda\\\/\"},{\"@type\":\"ListItem\",\"position\":3,\"name\":\"Acoplamiento de resbalamiento industrial\"}]},{\"@type\":\"WebSite\",\"@id\":\"https:\\\/\\\/maquinadosmoreno.com\\\/es\\\/#website\",\"url\":\"https:\\\/\\\/maquinadosmoreno.com\\\/es\\\/\",\"name\":\"Maquinados Moreno\",\"description\":\"Venta y fabricaci\u00f3n de productos.\",\"potentialAction\":[{\"@type\":\"SearchAction\",\"target\":{\"@type\":\"EntryPoint\",\"urlTemplate\":\"https:\\\/\\\/maquinadosmoreno.com\\\/es\\\/?s={search_term_string}\"},\"query-input\":{\"@type\":\"PropertyValueSpecification\",\"valueRequired\":true,\"valueName\":\"search_term_string\"}}],\"inLanguage\":\"en-US\"}]}<\/script>\n<!-- \/ Yoast SEO plugin. -->","yoast_head_json":{"title":"Acoplamiento de resbalamiento industrial - Maquinados Moreno","robots":{"index":"index","follow":"follow","max-snippet":"max-snippet:-1","max-image-preview":"max-image-preview:large","max-video-preview":"max-video-preview:-1"},"canonical":"https:\/\/maquinadosmoreno.com\/en\/product\/acoplamiento-de-resbalamiento-industrial\/","og_locale":"en_US","og_type":"article","og_title":"Acoplamiento de resbalamiento industrial - Maquinados Moreno","og_description":"Acoplamiento de resbalamiento tipo\u00a0clutch de 8 l\u00e1minas\u00a0con pasta de asbesto e insertos de bronce, dise\u00f1ado para protecci\u00f3n y control de torque en maquinaria industrial. Cuenta con 6 resortes con ajuste de torque, lo que permite adaptarse a diferentes niveles de exigencia. Se fabrica en distintos di\u00e1metros y capacidades, seg\u00fan requerimientos espec\u00edficos. Material: acero 4140, reconocido por su resistencia y durabilidad.","og_url":"https:\/\/maquinadosmoreno.com\/en\/product\/acoplamiento-de-resbalamiento-industrial\/","og_site_name":"Maquinados Moreno","article_modified_time":"2025-11-19T18:21:22+00:00","og_image":[{"width":600,"height":600,"url":"https:\/\/maquinadosmoreno.com\/portal2\/wp-content\/uploads\/2025\/10\/images-9.jpeg","type":"image\/jpeg"}],"twitter_card":"summary_large_image","twitter_misc":{"Est. reading time":"2 minutes"},"schema":{"@context":"https:\/\/schema.org","@graph":[{"@type":"WebPage","@id":"https:\/\/maquinadosmoreno.com\/product\/acoplamiento-de-resbalamiento-industrial\/","url":"https:\/\/maquinadosmoreno.com\/product\/acoplamiento-de-resbalamiento-industrial\/","name":"Acoplamiento de resbalamiento industrial - Maquinados Moreno","isPartOf":{"@id":"https:\/\/maquinadosmoreno.com\/es\/#website"},"primaryImageOfPage":{"@id":"https:\/\/maquinadosmoreno.com\/product\/acoplamiento-de-resbalamiento-industrial\/#primaryimage"},"image":{"@id":"https:\/\/maquinadosmoreno.com\/product\/acoplamiento-de-resbalamiento-industrial\/#primaryimage"},"thumbnailUrl":"https:\/\/maquinadosmoreno.com\/portal2\/wp-content\/uploads\/2025\/10\/images-9.jpeg","datePublished":"2025-10-29T02:03:19+00:00","dateModified":"2025-11-19T18:21:22+00:00","breadcrumb":{"@id":"https:\/\/maquinadosmoreno.com\/product\/acoplamiento-de-resbalamiento-industrial\/#breadcrumb"},"inLanguage":"en-US","potentialAction":[{"@type":"ReadAction","target":["https:\/\/maquinadosmoreno.com\/product\/acoplamiento-de-resbalamiento-industrial\/"]}]},{"@type":"ImageObject","inLanguage":"en-US","@id":"https:\/\/maquinadosmoreno.com\/product\/acoplamiento-de-resbalamiento-industrial\/#primaryimage","url":"https:\/\/maquinadosmoreno.com\/portal2\/wp-content\/uploads\/2025\/10\/images-9.jpeg","contentUrl":"https:\/\/maquinadosmoreno.com\/portal2\/wp-content\/uploads\/2025\/10\/images-9.jpeg","width":600,"height":600},{"@type":"BreadcrumbList","@id":"https:\/\/maquinadosmoreno.com\/product\/acoplamiento-de-resbalamiento-industrial\/#breadcrumb","itemListElement":[{"@type":"ListItem","position":1,"name":"Inicio","item":"https:\/\/maquinadosmoreno.com\/es\/"},{"@type":"ListItem","position":2,"name":"Tienda","item":"https:\/\/maquinadosmoreno.com\/es\/tienda\/"},{"@type":"ListItem","position":3,"name":"Acoplamiento de resbalamiento industrial"}]},{"@type":"WebSite","@id":"https:\/\/maquinadosmoreno.com\/es\/#website","url":"https:\/\/maquinadosmoreno.com\/es\/","name":"Maquinados Moreno","description":"Sale and Manufacturing of Products","potentialAction":[{"@type":"SearchAction","target":{"@type":"EntryPoint","urlTemplate":"https:\/\/maquinadosmoreno.com\/es\/?s={search_term_string}"},"query-input":{"@type":"PropertyValueSpecification","valueRequired":true,"valueName":"search_term_string"}}],"inLanguage":"en-US"}]}},"jetpack_sharing_enabled":true,"_links":{"self":[{"href":"https:\/\/maquinadosmoreno.com\/en\/wp-json\/wp\/v2\/product\/15281","targetHints":{"allow":["GET"]}}],"collection":[{"href":"https:\/\/maquinadosmoreno.com\/en\/wp-json\/wp\/v2\/product"}],"about":[{"href":"https:\/\/maquinadosmoreno.com\/en\/wp-json\/wp\/v2\/types\/product"}],"wp:featuredmedia":[{"embeddable":true,"href":"https:\/\/maquinadosmoreno.com\/en\/wp-json\/wp\/v2\/media\/15282"}],"wp:attachment":[{"href":"https:\/\/maquinadosmoreno.com\/en\/wp-json\/wp\/v2\/media?parent=15281"}],"wp:term":[{"taxonomy":"product_brand","embeddable":true,"href":"https:\/\/maquinadosmoreno.com\/en\/wp-json\/wp\/v2\/product_brand?post=15281"},{"taxonomy":"product_cat","embeddable":true,"href":"https:\/\/maquinadosmoreno.com\/en\/wp-json\/wp\/v2\/product_cat?post=15281"},{"taxonomy":"product_tag","embeddable":true,"href":"https:\/\/maquinadosmoreno.com\/en\/wp-json\/wp\/v2\/product_tag?post=15281"}],"curies":[{"name":"wp","href":"https:\/\/api.w.org\/{rel}","templated":true}]}}