{"id":15318,"date":"2025-11-07T00:24:29","date_gmt":"2025-11-07T00:24:29","guid":{"rendered":"https:\/\/maquinadosmoreno.com\/?post_type=product&#038;p=15318"},"modified":"2025-11-19T18:24:12","modified_gmt":"2025-11-19T18:24:12","slug":"valvula-macho-tipo-conico-sellado-en-grasa","status":"publish","type":"product","link":"https:\/\/maquinadosmoreno.com\/en\/product\/valvula-macho-tipo-conico-sellado-en-grasa\/","title":{"rendered":"Grease-Sealed Tapered Plug Valve"},"content":{"rendered":"<p data-start=\"195\" data-end=\"762\">The grease-sealed tapered plug valve is engineered to deliver reliable and secure flow control in liquid or gas transmission systems. Its tapered plug design ensures precise shutoff, while the grease seal minimizes friction and prevents leakage, enabling smooth operation and extending the component\u2019s lifespan. Manufactured with high-strength materials and suitable for demanding industrial environments, this valve combines efficiency, durability, and easy maintenance in a single design.<\/p>\n<div class=\"su-button-center\"><a href=\"https:\/\/maquinadosmoreno.com\/en\/contacto\/\" class=\"su-button su-button-style-default\" style=\"color:#ffffff;background-color:#378249;border-color:#2c683b;border-radius:5px\" target=\"_blank\" rel=\"noopener noreferrer\"><span style=\"color:#ffffff;padding:0px 22px;font-size:17px;line-height:34px;border-color:#73a880;border-radius:5px;text-shadow:none\"> Price<\/span><\/a><\/div>","protected":false},"excerpt":{"rendered":"<p>Grease-sealed tapered plug valve, ideal for controlling fluid flow with high tightness and low maintenance requirements.<\/p>\n<p>&nbsp;<\/p>\n<div class=\"su-button-center\"><a href=\"https:\/\/maquinadosmoreno.com\/en\/contacto\/\" class=\"su-button su-button-style-default\" style=\"color:#ffffff;background-color:#378249;border-color:#2c683b;border-radius:5px\" target=\"_blank\" rel=\"noopener noreferrer\"><span style=\"color:#ffffff;padding:0px 22px;font-size:17px;line-height:34px;border-color:#73a880;border-radius:5px;text-shadow:none\"> Price<\/span><\/a><\/div>","protected":false},"featured_media":15314,"template":"","meta":[],"product_brand":[],"product_cat":[15],"product_tag":[],"class_list":{"0":"post-15318","1":"product","2":"type-product","3":"status-publish","4":"has-post-thumbnail","6":"product_cat-uncategorized","8":"first","9":"instock","10":"shipping-taxable","11":"product-type-simple"},"yoast_head":"<!-- This site is optimized with the Yoast SEO plugin v27.4 - https:\/\/yoast.com\/product\/yoast-seo-wordpress\/ -->\n<title>V\u00e1lvula macho tipo c\u00f3nico sellado en grasa - Maquinados Moreno<\/title>\n<meta name=\"robots\" content=\"index, follow, max-snippet:-1, max-image-preview:large, max-video-preview:-1\" \/>\n<link rel=\"canonical\" href=\"https:\/\/maquinadosmoreno.com\/en\/product\/valvula-macho-tipo-conico-sellado-en-grasa\/\" \/>\n<meta property=\"og:locale\" content=\"en_US\" \/>\n<meta property=\"og:type\" content=\"article\" \/>\n<meta property=\"og:title\" content=\"V\u00e1lvula macho tipo c\u00f3nico sellado en grasa - Maquinados Moreno\" \/>\n<meta property=\"og:description\" content=\"V\u00e1lvula macho tipo c\u00f3nico sellada en grasa, ideal para controlar el flujo de fluidos con alta estanqueidad y bajo mantenimiento.  &nbsp;\" \/>\n<meta property=\"og:url\" content=\"https:\/\/maquinadosmoreno.com\/en\/product\/valvula-macho-tipo-conico-sellado-en-grasa\/\" \/>\n<meta property=\"og:site_name\" content=\"Maquinados Moreno\" \/>\n<meta property=\"article:modified_time\" content=\"2025-11-19T18:24:12+00:00\" \/>\n<meta property=\"og:image\" content=\"https:\/\/maquinadosmoreno.com\/portal2\/wp-content\/uploads\/2025\/11\/WIK2-Producto-P01-1-o1-20251106.png\" \/>\n\t<meta property=\"og:image:width\" content=\"600\" \/>\n\t<meta property=\"og:image:height\" content=\"600\" \/>\n\t<meta property=\"og:image:type\" content=\"image\/png\" \/>\n<meta name=\"twitter:card\" content=\"summary_large_image\" \/>\n<meta name=\"twitter:label1\" content=\"Est. reading time\" \/>\n\t<meta name=\"twitter:data1\" content=\"1 minute\" \/>\n<script type=\"application\/ld+json\" class=\"yoast-schema-graph\">{\"@context\":\"https:\\\/\\\/schema.org\",\"@graph\":[{\"@type\":\"WebPage\",\"@id\":\"https:\\\/\\\/maquinadosmoreno.com\\\/product\\\/valvula-macho-tipo-conico-sellado-en-grasa\\\/\",\"url\":\"https:\\\/\\\/maquinadosmoreno.com\\\/product\\\/valvula-macho-tipo-conico-sellado-en-grasa\\\/\",\"name\":\"V\u00e1lvula macho tipo c\u00f3nico sellado en grasa - Maquinados Moreno\",\"isPartOf\":{\"@id\":\"https:\\\/\\\/maquinadosmoreno.com\\\/es\\\/#website\"},\"primaryImageOfPage\":{\"@id\":\"https:\\\/\\\/maquinadosmoreno.com\\\/product\\\/valvula-macho-tipo-conico-sellado-en-grasa\\\/#primaryimage\"},\"image\":{\"@id\":\"https:\\\/\\\/maquinadosmoreno.com\\\/product\\\/valvula-macho-tipo-conico-sellado-en-grasa\\\/#primaryimage\"},\"thumbnailUrl\":\"https:\\\/\\\/maquinadosmoreno.com\\\/portal2\\\/wp-content\\\/uploads\\\/2025\\\/11\\\/WIK2-Producto-P01-1-o1-20251106.png\",\"datePublished\":\"2025-11-07T00:24:29+00:00\",\"dateModified\":\"2025-11-19T18:24:12+00:00\",\"breadcrumb\":{\"@id\":\"https:\\\/\\\/maquinadosmoreno.com\\\/product\\\/valvula-macho-tipo-conico-sellado-en-grasa\\\/#breadcrumb\"},\"inLanguage\":\"en-US\",\"potentialAction\":[{\"@type\":\"ReadAction\",\"target\":[\"https:\\\/\\\/maquinadosmoreno.com\\\/product\\\/valvula-macho-tipo-conico-sellado-en-grasa\\\/\"]}]},{\"@type\":\"ImageObject\",\"inLanguage\":\"en-US\",\"@id\":\"https:\\\/\\\/maquinadosmoreno.com\\\/product\\\/valvula-macho-tipo-conico-sellado-en-grasa\\\/#primaryimage\",\"url\":\"https:\\\/\\\/maquinadosmoreno.com\\\/portal2\\\/wp-content\\\/uploads\\\/2025\\\/11\\\/WIK2-Producto-P01-1-o1-20251106.png\",\"contentUrl\":\"https:\\\/\\\/maquinadosmoreno.com\\\/portal2\\\/wp-content\\\/uploads\\\/2025\\\/11\\\/WIK2-Producto-P01-1-o1-20251106.png\",\"width\":600,\"height\":600},{\"@type\":\"BreadcrumbList\",\"@id\":\"https:\\\/\\\/maquinadosmoreno.com\\\/product\\\/valvula-macho-tipo-conico-sellado-en-grasa\\\/#breadcrumb\",\"itemListElement\":[{\"@type\":\"ListItem\",\"position\":1,\"name\":\"Inicio\",\"item\":\"https:\\\/\\\/maquinadosmoreno.com\\\/es\\\/\"},{\"@type\":\"ListItem\",\"position\":2,\"name\":\"Tienda\",\"item\":\"https:\\\/\\\/maquinadosmoreno.com\\\/es\\\/tienda\\\/\"},{\"@type\":\"ListItem\",\"position\":3,\"name\":\"V\u00e1lvula macho tipo c\u00f3nico sellado en grasa\"}]},{\"@type\":\"WebSite\",\"@id\":\"https:\\\/\\\/maquinadosmoreno.com\\\/es\\\/#website\",\"url\":\"https:\\\/\\\/maquinadosmoreno.com\\\/es\\\/\",\"name\":\"Maquinados Moreno\",\"description\":\"Venta y fabricaci\u00f3n de productos.\",\"potentialAction\":[{\"@type\":\"SearchAction\",\"target\":{\"@type\":\"EntryPoint\",\"urlTemplate\":\"https:\\\/\\\/maquinadosmoreno.com\\\/es\\\/?s={search_term_string}\"},\"query-input\":{\"@type\":\"PropertyValueSpecification\",\"valueRequired\":true,\"valueName\":\"search_term_string\"}}],\"inLanguage\":\"en-US\"}]}<\/script>\n<!-- \/ Yoast SEO plugin. -->","yoast_head_json":{"title":"V\u00e1lvula macho tipo c\u00f3nico sellado en grasa - Maquinados Moreno","robots":{"index":"index","follow":"follow","max-snippet":"max-snippet:-1","max-image-preview":"max-image-preview:large","max-video-preview":"max-video-preview:-1"},"canonical":"https:\/\/maquinadosmoreno.com\/en\/product\/valvula-macho-tipo-conico-sellado-en-grasa\/","og_locale":"en_US","og_type":"article","og_title":"V\u00e1lvula macho tipo c\u00f3nico sellado en grasa - Maquinados Moreno","og_description":"V\u00e1lvula macho tipo c\u00f3nico sellada en grasa, ideal para controlar el flujo de fluidos con alta estanqueidad y bajo mantenimiento.  &nbsp;","og_url":"https:\/\/maquinadosmoreno.com\/en\/product\/valvula-macho-tipo-conico-sellado-en-grasa\/","og_site_name":"Maquinados Moreno","article_modified_time":"2025-11-19T18:24:12+00:00","og_image":[{"width":600,"height":600,"url":"https:\/\/maquinadosmoreno.com\/portal2\/wp-content\/uploads\/2025\/11\/WIK2-Producto-P01-1-o1-20251106.png","type":"image\/png"}],"twitter_card":"summary_large_image","twitter_misc":{"Est. reading time":"1 minute"},"schema":{"@context":"https:\/\/schema.org","@graph":[{"@type":"WebPage","@id":"https:\/\/maquinadosmoreno.com\/product\/valvula-macho-tipo-conico-sellado-en-grasa\/","url":"https:\/\/maquinadosmoreno.com\/product\/valvula-macho-tipo-conico-sellado-en-grasa\/","name":"V\u00e1lvula macho tipo c\u00f3nico sellado en grasa - Maquinados Moreno","isPartOf":{"@id":"https:\/\/maquinadosmoreno.com\/es\/#website"},"primaryImageOfPage":{"@id":"https:\/\/maquinadosmoreno.com\/product\/valvula-macho-tipo-conico-sellado-en-grasa\/#primaryimage"},"image":{"@id":"https:\/\/maquinadosmoreno.com\/product\/valvula-macho-tipo-conico-sellado-en-grasa\/#primaryimage"},"thumbnailUrl":"https:\/\/maquinadosmoreno.com\/portal2\/wp-content\/uploads\/2025\/11\/WIK2-Producto-P01-1-o1-20251106.png","datePublished":"2025-11-07T00:24:29+00:00","dateModified":"2025-11-19T18:24:12+00:00","breadcrumb":{"@id":"https:\/\/maquinadosmoreno.com\/product\/valvula-macho-tipo-conico-sellado-en-grasa\/#breadcrumb"},"inLanguage":"en-US","potentialAction":[{"@type":"ReadAction","target":["https:\/\/maquinadosmoreno.com\/product\/valvula-macho-tipo-conico-sellado-en-grasa\/"]}]},{"@type":"ImageObject","inLanguage":"en-US","@id":"https:\/\/maquinadosmoreno.com\/product\/valvula-macho-tipo-conico-sellado-en-grasa\/#primaryimage","url":"https:\/\/maquinadosmoreno.com\/portal2\/wp-content\/uploads\/2025\/11\/WIK2-Producto-P01-1-o1-20251106.png","contentUrl":"https:\/\/maquinadosmoreno.com\/portal2\/wp-content\/uploads\/2025\/11\/WIK2-Producto-P01-1-o1-20251106.png","width":600,"height":600},{"@type":"BreadcrumbList","@id":"https:\/\/maquinadosmoreno.com\/product\/valvula-macho-tipo-conico-sellado-en-grasa\/#breadcrumb","itemListElement":[{"@type":"ListItem","position":1,"name":"Inicio","item":"https:\/\/maquinadosmoreno.com\/es\/"},{"@type":"ListItem","position":2,"name":"Tienda","item":"https:\/\/maquinadosmoreno.com\/es\/tienda\/"},{"@type":"ListItem","position":3,"name":"V\u00e1lvula macho tipo c\u00f3nico sellado en grasa"}]},{"@type":"WebSite","@id":"https:\/\/maquinadosmoreno.com\/es\/#website","url":"https:\/\/maquinadosmoreno.com\/es\/","name":"Maquinados Moreno","description":"Sale and Manufacturing of Products","potentialAction":[{"@type":"SearchAction","target":{"@type":"EntryPoint","urlTemplate":"https:\/\/maquinadosmoreno.com\/es\/?s={search_term_string}"},"query-input":{"@type":"PropertyValueSpecification","valueRequired":true,"valueName":"search_term_string"}}],"inLanguage":"en-US"}]}},"jetpack_sharing_enabled":true,"_links":{"self":[{"href":"https:\/\/maquinadosmoreno.com\/en\/wp-json\/wp\/v2\/product\/15318","targetHints":{"allow":["GET"]}}],"collection":[{"href":"https:\/\/maquinadosmoreno.com\/en\/wp-json\/wp\/v2\/product"}],"about":[{"href":"https:\/\/maquinadosmoreno.com\/en\/wp-json\/wp\/v2\/types\/product"}],"wp:featuredmedia":[{"embeddable":true,"href":"https:\/\/maquinadosmoreno.com\/en\/wp-json\/wp\/v2\/media\/15314"}],"wp:attachment":[{"href":"https:\/\/maquinadosmoreno.com\/en\/wp-json\/wp\/v2\/media?parent=15318"}],"wp:term":[{"taxonomy":"product_brand","embeddable":true,"href":"https:\/\/maquinadosmoreno.com\/en\/wp-json\/wp\/v2\/product_brand?post=15318"},{"taxonomy":"product_cat","embeddable":true,"href":"https:\/\/maquinadosmoreno.com\/en\/wp-json\/wp\/v2\/product_cat?post=15318"},{"taxonomy":"product_tag","embeddable":true,"href":"https:\/\/maquinadosmoreno.com\/en\/wp-json\/wp\/v2\/product_tag?post=15318"}],"curies":[{"name":"wp","href":"https:\/\/api.w.org\/{rel}","templated":true}]}}