{"id":15318,"date":"2025-11-07T00:24:29","date_gmt":"2025-11-07T00:24:29","guid":{"rendered":"https:\/\/maquinadosmoreno.com\/?post_type=product&#038;p=15318"},"modified":"2025-11-19T18:24:12","modified_gmt":"2025-11-19T18:24:12","slug":"valvula-macho-tipo-conico-sellado-en-grasa","status":"publish","type":"product","link":"https:\/\/maquinadosmoreno.com\/es\/product\/valvula-macho-tipo-conico-sellado-en-grasa\/","title":{"rendered":"V\u00e1lvula macho tipo c\u00f3nico sellado en grasa"},"content":{"rendered":"<p data-start=\"195\" data-end=\"762\">La v\u00e1lvula macho tipo c\u00f3nico sellada en grasa est\u00e1 dise\u00f1ada para ofrecer un control confiable y seguro del flujo en sistemas de conducci\u00f3n de l\u00edquidos o gases. Su dise\u00f1o c\u00f3nico permite un cierre preciso, mientras que el sellado en grasa reduce la fricci\u00f3n y previene fugas, garantizando una operaci\u00f3n suave y prolongando la vida \u00fatil del componente. Fabricada con materiales de alta resistencia y adecuada para aplicaciones industriales exigentes, esta v\u00e1lvula combina eficiencia, durabilidad y facilidad de mantenimiento en un solo dise\u00f1o.<\/p>\n<div class=\"su-button-center\"><a href=\"https:\/\/maquinadosmoreno.com\/es\/contacto\/\" class=\"su-button su-button-style-default\" style=\"color:#ffffff;background-color:#378249;border-color:#2c683b;border-radius:5px\" target=\"_blank\" rel=\"noopener noreferrer\"><span style=\"color:#ffffff;padding:0px 22px;font-size:17px;line-height:34px;border-color:#73a880;border-radius:5px;text-shadow:none\"> Cotizaci\u00f3n<\/span><\/a><\/div>\n","protected":false},"excerpt":{"rendered":"<p>V\u00e1lvula macho tipo c\u00f3nico sellada en grasa, ideal para controlar el flujo de fluidos con alta estanqueidad y bajo mantenimiento.<\/p>\n<p>&nbsp;<\/p>\n<div class=\"su-button-center\"><a href=\"https:\/\/maquinadosmoreno.com\/es\/contacto\/\" class=\"su-button su-button-style-default\" style=\"color:#ffffff;background-color:#378249;border-color:#2c683b;border-radius:5px\" target=\"_blank\" rel=\"noopener noreferrer\"><span style=\"color:#ffffff;padding:0px 22px;font-size:17px;line-height:34px;border-color:#73a880;border-radius:5px;text-shadow:none\"> Cotizaci\u00f3n<\/span><\/a><\/div>\n","protected":false},"featured_media":15314,"template":"","meta":[],"product_brand":[],"product_cat":[15],"product_tag":[],"class_list":{"0":"post-15318","1":"product","2":"type-product","3":"status-publish","4":"has-post-thumbnail","6":"product_cat-uncategorized","8":"first","9":"instock","10":"shipping-taxable","11":"product-type-simple"},"yoast_head":"<!-- This site is optimized with the Yoast SEO plugin v27.4 - https:\/\/yoast.com\/product\/yoast-seo-wordpress\/ -->\n<title>V\u00e1lvula macho tipo c\u00f3nico sellado en grasa - Maquinados Moreno<\/title>\n<meta name=\"robots\" content=\"index, follow, max-snippet:-1, max-image-preview:large, max-video-preview:-1\" \/>\n<link rel=\"canonical\" href=\"https:\/\/maquinadosmoreno.com\/es\/product\/valvula-macho-tipo-conico-sellado-en-grasa\/\" \/>\n<meta property=\"og:locale\" content=\"es_MX\" \/>\n<meta property=\"og:type\" content=\"article\" \/>\n<meta property=\"og:title\" content=\"V\u00e1lvula macho tipo c\u00f3nico sellado en grasa - Maquinados Moreno\" \/>\n<meta property=\"og:description\" content=\"V\u00e1lvula macho tipo c\u00f3nico sellada en grasa, ideal para controlar el flujo de fluidos con alta estanqueidad y bajo mantenimiento.  &nbsp;\" \/>\n<meta property=\"og:url\" content=\"https:\/\/maquinadosmoreno.com\/es\/product\/valvula-macho-tipo-conico-sellado-en-grasa\/\" \/>\n<meta property=\"og:site_name\" content=\"Maquinados Moreno\" \/>\n<meta property=\"article:modified_time\" content=\"2025-11-19T18:24:12+00:00\" \/>\n<meta property=\"og:image\" content=\"https:\/\/maquinadosmoreno.com\/portal2\/wp-content\/uploads\/2025\/11\/WIK2-Producto-P01-1-o1-20251106.png\" \/>\n\t<meta property=\"og:image:width\" content=\"600\" \/>\n\t<meta property=\"og:image:height\" content=\"600\" \/>\n\t<meta property=\"og:image:type\" content=\"image\/png\" \/>\n<meta name=\"twitter:card\" content=\"summary_large_image\" \/>\n<meta name=\"twitter:label1\" content=\"Tiempo de lectura\" \/>\n\t<meta name=\"twitter:data1\" content=\"1 minuto\" \/>\n<script type=\"application\/ld+json\" class=\"yoast-schema-graph\">{\"@context\":\"https:\\\/\\\/schema.org\",\"@graph\":[{\"@type\":\"WebPage\",\"@id\":\"https:\\\/\\\/maquinadosmoreno.com\\\/product\\\/valvula-macho-tipo-conico-sellado-en-grasa\\\/\",\"url\":\"https:\\\/\\\/maquinadosmoreno.com\\\/product\\\/valvula-macho-tipo-conico-sellado-en-grasa\\\/\",\"name\":\"V\u00e1lvula macho tipo c\u00f3nico sellado en grasa - Maquinados Moreno\",\"isPartOf\":{\"@id\":\"https:\\\/\\\/maquinadosmoreno.com\\\/es\\\/#website\"},\"primaryImageOfPage\":{\"@id\":\"https:\\\/\\\/maquinadosmoreno.com\\\/product\\\/valvula-macho-tipo-conico-sellado-en-grasa\\\/#primaryimage\"},\"image\":{\"@id\":\"https:\\\/\\\/maquinadosmoreno.com\\\/product\\\/valvula-macho-tipo-conico-sellado-en-grasa\\\/#primaryimage\"},\"thumbnailUrl\":\"https:\\\/\\\/maquinadosmoreno.com\\\/portal2\\\/wp-content\\\/uploads\\\/2025\\\/11\\\/WIK2-Producto-P01-1-o1-20251106.png\",\"datePublished\":\"2025-11-07T00:24:29+00:00\",\"dateModified\":\"2025-11-19T18:24:12+00:00\",\"breadcrumb\":{\"@id\":\"https:\\\/\\\/maquinadosmoreno.com\\\/product\\\/valvula-macho-tipo-conico-sellado-en-grasa\\\/#breadcrumb\"},\"inLanguage\":\"es\",\"potentialAction\":[{\"@type\":\"ReadAction\",\"target\":[\"https:\\\/\\\/maquinadosmoreno.com\\\/product\\\/valvula-macho-tipo-conico-sellado-en-grasa\\\/\"]}]},{\"@type\":\"ImageObject\",\"inLanguage\":\"es\",\"@id\":\"https:\\\/\\\/maquinadosmoreno.com\\\/product\\\/valvula-macho-tipo-conico-sellado-en-grasa\\\/#primaryimage\",\"url\":\"https:\\\/\\\/maquinadosmoreno.com\\\/portal2\\\/wp-content\\\/uploads\\\/2025\\\/11\\\/WIK2-Producto-P01-1-o1-20251106.png\",\"contentUrl\":\"https:\\\/\\\/maquinadosmoreno.com\\\/portal2\\\/wp-content\\\/uploads\\\/2025\\\/11\\\/WIK2-Producto-P01-1-o1-20251106.png\",\"width\":600,\"height\":600},{\"@type\":\"BreadcrumbList\",\"@id\":\"https:\\\/\\\/maquinadosmoreno.com\\\/product\\\/valvula-macho-tipo-conico-sellado-en-grasa\\\/#breadcrumb\",\"itemListElement\":[{\"@type\":\"ListItem\",\"position\":1,\"name\":\"Inicio\",\"item\":\"https:\\\/\\\/maquinadosmoreno.com\\\/es\\\/\"},{\"@type\":\"ListItem\",\"position\":2,\"name\":\"Tienda\",\"item\":\"https:\\\/\\\/maquinadosmoreno.com\\\/es\\\/tienda\\\/\"},{\"@type\":\"ListItem\",\"position\":3,\"name\":\"V\u00e1lvula macho tipo c\u00f3nico sellado en grasa\"}]},{\"@type\":\"WebSite\",\"@id\":\"https:\\\/\\\/maquinadosmoreno.com\\\/es\\\/#website\",\"url\":\"https:\\\/\\\/maquinadosmoreno.com\\\/es\\\/\",\"name\":\"Maquinados Moreno\",\"description\":\"Venta y fabricaci\u00f3n de productos.\",\"potentialAction\":[{\"@type\":\"SearchAction\",\"target\":{\"@type\":\"EntryPoint\",\"urlTemplate\":\"https:\\\/\\\/maquinadosmoreno.com\\\/es\\\/?s={search_term_string}\"},\"query-input\":{\"@type\":\"PropertyValueSpecification\",\"valueRequired\":true,\"valueName\":\"search_term_string\"}}],\"inLanguage\":\"es\"}]}<\/script>\n<!-- \/ Yoast SEO plugin. -->","yoast_head_json":{"title":"V\u00e1lvula macho tipo c\u00f3nico sellado en grasa - Maquinados Moreno","robots":{"index":"index","follow":"follow","max-snippet":"max-snippet:-1","max-image-preview":"max-image-preview:large","max-video-preview":"max-video-preview:-1"},"canonical":"https:\/\/maquinadosmoreno.com\/es\/product\/valvula-macho-tipo-conico-sellado-en-grasa\/","og_locale":"es_MX","og_type":"article","og_title":"V\u00e1lvula macho tipo c\u00f3nico sellado en grasa - Maquinados Moreno","og_description":"V\u00e1lvula macho tipo c\u00f3nico sellada en grasa, ideal para controlar el flujo de fluidos con alta estanqueidad y bajo mantenimiento.  &nbsp;","og_url":"https:\/\/maquinadosmoreno.com\/es\/product\/valvula-macho-tipo-conico-sellado-en-grasa\/","og_site_name":"Maquinados Moreno","article_modified_time":"2025-11-19T18:24:12+00:00","og_image":[{"width":600,"height":600,"url":"https:\/\/maquinadosmoreno.com\/portal2\/wp-content\/uploads\/2025\/11\/WIK2-Producto-P01-1-o1-20251106.png","type":"image\/png"}],"twitter_card":"summary_large_image","twitter_misc":{"Tiempo de lectura":"1 minuto"},"schema":{"@context":"https:\/\/schema.org","@graph":[{"@type":"WebPage","@id":"https:\/\/maquinadosmoreno.com\/product\/valvula-macho-tipo-conico-sellado-en-grasa\/","url":"https:\/\/maquinadosmoreno.com\/product\/valvula-macho-tipo-conico-sellado-en-grasa\/","name":"V\u00e1lvula macho tipo c\u00f3nico sellado en grasa - Maquinados Moreno","isPartOf":{"@id":"https:\/\/maquinadosmoreno.com\/es\/#website"},"primaryImageOfPage":{"@id":"https:\/\/maquinadosmoreno.com\/product\/valvula-macho-tipo-conico-sellado-en-grasa\/#primaryimage"},"image":{"@id":"https:\/\/maquinadosmoreno.com\/product\/valvula-macho-tipo-conico-sellado-en-grasa\/#primaryimage"},"thumbnailUrl":"https:\/\/maquinadosmoreno.com\/portal2\/wp-content\/uploads\/2025\/11\/WIK2-Producto-P01-1-o1-20251106.png","datePublished":"2025-11-07T00:24:29+00:00","dateModified":"2025-11-19T18:24:12+00:00","breadcrumb":{"@id":"https:\/\/maquinadosmoreno.com\/product\/valvula-macho-tipo-conico-sellado-en-grasa\/#breadcrumb"},"inLanguage":"es","potentialAction":[{"@type":"ReadAction","target":["https:\/\/maquinadosmoreno.com\/product\/valvula-macho-tipo-conico-sellado-en-grasa\/"]}]},{"@type":"ImageObject","inLanguage":"es","@id":"https:\/\/maquinadosmoreno.com\/product\/valvula-macho-tipo-conico-sellado-en-grasa\/#primaryimage","url":"https:\/\/maquinadosmoreno.com\/portal2\/wp-content\/uploads\/2025\/11\/WIK2-Producto-P01-1-o1-20251106.png","contentUrl":"https:\/\/maquinadosmoreno.com\/portal2\/wp-content\/uploads\/2025\/11\/WIK2-Producto-P01-1-o1-20251106.png","width":600,"height":600},{"@type":"BreadcrumbList","@id":"https:\/\/maquinadosmoreno.com\/product\/valvula-macho-tipo-conico-sellado-en-grasa\/#breadcrumb","itemListElement":[{"@type":"ListItem","position":1,"name":"Inicio","item":"https:\/\/maquinadosmoreno.com\/es\/"},{"@type":"ListItem","position":2,"name":"Tienda","item":"https:\/\/maquinadosmoreno.com\/es\/tienda\/"},{"@type":"ListItem","position":3,"name":"V\u00e1lvula macho tipo c\u00f3nico sellado en grasa"}]},{"@type":"WebSite","@id":"https:\/\/maquinadosmoreno.com\/es\/#website","url":"https:\/\/maquinadosmoreno.com\/es\/","name":"Maquinados Moreno","description":"Venta y fabricaci\u00f3n de productos.","potentialAction":[{"@type":"SearchAction","target":{"@type":"EntryPoint","urlTemplate":"https:\/\/maquinadosmoreno.com\/es\/?s={search_term_string}"},"query-input":{"@type":"PropertyValueSpecification","valueRequired":true,"valueName":"search_term_string"}}],"inLanguage":"es"}]}},"jetpack_sharing_enabled":true,"_links":{"self":[{"href":"https:\/\/maquinadosmoreno.com\/es\/wp-json\/wp\/v2\/product\/15318","targetHints":{"allow":["GET"]}}],"collection":[{"href":"https:\/\/maquinadosmoreno.com\/es\/wp-json\/wp\/v2\/product"}],"about":[{"href":"https:\/\/maquinadosmoreno.com\/es\/wp-json\/wp\/v2\/types\/product"}],"wp:featuredmedia":[{"embeddable":true,"href":"https:\/\/maquinadosmoreno.com\/es\/wp-json\/wp\/v2\/media\/15314"}],"wp:attachment":[{"href":"https:\/\/maquinadosmoreno.com\/es\/wp-json\/wp\/v2\/media?parent=15318"}],"wp:term":[{"taxonomy":"product_brand","embeddable":true,"href":"https:\/\/maquinadosmoreno.com\/es\/wp-json\/wp\/v2\/product_brand?post=15318"},{"taxonomy":"product_cat","embeddable":true,"href":"https:\/\/maquinadosmoreno.com\/es\/wp-json\/wp\/v2\/product_cat?post=15318"},{"taxonomy":"product_tag","embeddable":true,"href":"https:\/\/maquinadosmoreno.com\/es\/wp-json\/wp\/v2\/product_tag?post=15318"}],"curies":[{"name":"wp","href":"https:\/\/api.w.org\/{rel}","templated":true}]}}